{"id":30,"date":"2020-04-13T11:18:54","date_gmt":"2020-04-13T11:18:54","guid":{"rendered":"https:\/\/bootsfahrschule-gewald.de\/?page_id=30"},"modified":"2025-06-04T08:03:09","modified_gmt":"2025-06-04T08:03:09","slug":"home","status":"publish","type":"page","link":"https:\/\/bootsfahrschule-gewald.de\/","title":{"rendered":"Home"},"content":{"rendered":"\t\t<div data-elementor-type=\"wp-page\" data-elementor-id=\"30\" class=\"elementor elementor-30\">\n\t\t\t\t\t\t<section class=\"elementor-section elementor-top-section elementor-element elementor-element-5939a86c elementor-section-boxed elementor-section-height-default elementor-section-height-default\" data-id=\"5939a86c\" data-element_type=\"section\" data-settings=\"{&quot;background_background&quot;:&quot;classic&quot;}\">\n\t\t\t\t\t\t\t<div class=\"elementor-background-overlay\"><\/div>\n\t\t\t\t\t\t\t<div class=\"elementor-container elementor-column-gap-extended\">\n\t\t\t\t\t<div class=\"elementor-column elementor-col-100 elementor-top-column elementor-element elementor-element-6f6a47a9\" data-id=\"6f6a47a9\" data-element_type=\"column\">\n\t\t\t<div class=\"elementor-widget-wrap elementor-element-populated\">\n\t\t\t\t\t\t<div class=\"elementor-element elementor-element-ffa1734 elementor-widget elementor-widget-heading\" data-id=\"ffa1734\" data-element_type=\"widget\" data-widget_type=\"heading.default\">\n\t\t\t\t<div class=\"elementor-widget-container\">\n\t\t\t<h1 class=\"elementor-heading-title elementor-size-default\">Bootsfahrschule Gewald<\/h1>\t\t<\/div>\n\t\t\t\t<\/div>\n\t\t\t\t<div class=\"elementor-element elementor-element-1c0d792 elementor-widget elementor-widget-text-editor\" data-id=\"1c0d792\" data-element_type=\"widget\" data-widget_type=\"text-editor.default\">\n\t\t\t\t<div class=\"elementor-widget-container\">\n\t\t\t\t\t\t\t<p>Wir sind seit mehr als 31 Jahren im Hafen von D\u00fcsseldorf ans\u00e4ssig und verf\u00fcgen dementsprechend \u00fcber eine enorme Erfahrung.<\/p>\t\t\t\t\t\t<\/div>\n\t\t\t\t<\/div>\n\t\t\t\t<section class=\"elementor-section elementor-inner-section elementor-element elementor-element-7562307 elementor-section-boxed elementor-section-height-default elementor-section-height-default\" data-id=\"7562307\" data-element_type=\"section\">\n\t\t\t\t\t\t<div class=\"elementor-container elementor-column-gap-default\">\n\t\t\t\t\t<div class=\"elementor-column elementor-col-100 elementor-inner-column elementor-element elementor-element-f1c1f89\" data-id=\"f1c1f89\" data-element_type=\"column\">\n\t\t\t<div class=\"elementor-widget-wrap elementor-element-populated\">\n\t\t\t\t\t\t<div class=\"elementor-element elementor-element-7911d4f elementor-widget elementor-widget-heading\" data-id=\"7911d4f\" data-element_type=\"widget\" data-widget_type=\"heading.default\">\n\t\t\t\t<div class=\"elementor-widget-container\">\n\t\t\t<h2 class=\"elementor-heading-title elementor-size-default\">Wir freuen uns Sie <br> bei uns an Bord begr\u00fc\u00dfen zu d\u00fcrfen.<\/h2>\t\t<\/div>\n\t\t\t\t<\/div>\n\t\t\t\t\t<\/div>\n\t\t<\/div>\n\t\t\t\t\t<\/div>\n\t\t<\/section>\n\t\t\t\t<div class=\"elementor-element elementor-element-61d999c elementor-widget elementor-widget-text-editor\" data-id=\"61d999c\" data-element_type=\"widget\" data-widget_type=\"text-editor.default\">\n\t\t\t\t<div class=\"elementor-widget-container\">\n\t\t\t\t\t\t\t<p><span style=\"font-size: 16px;\">Termine k\u00f6nnen Sie gerne jetzt vereinbaren. Auch f\u00fcr Fragen stehen wir Ihnen jederzeit zur Verf\u00fcgung.<\/span><\/p><p>\u00a0<\/p>\t\t\t\t\t\t<\/div>\n\t\t\t\t<\/div>\n\t\t\t\t<section class=\"elementor-section elementor-inner-section elementor-element elementor-element-143e9c37 elementor-section-boxed elementor-section-height-default elementor-section-height-default\" data-id=\"143e9c37\" data-element_type=\"section\">\n\t\t\t\t\t\t<div class=\"elementor-container elementor-column-gap-no\">\n\t\t\t\t\t<div class=\"elementor-column elementor-col-100 elementor-inner-column elementor-element elementor-element-6e649c\" data-id=\"6e649c\" data-element_type=\"column\">\n\t\t\t<div class=\"elementor-widget-wrap elementor-element-populated\">\n\t\t\t\t\t\t<div class=\"elementor-element elementor-element-5b930ae3 elementor-align-center elementor-mobile-align-center elementor-widget elementor-widget-button\" data-id=\"5b930ae3\" data-element_type=\"widget\" data-widget_type=\"button.default\">\n\t\t\t\t<div class=\"elementor-widget-container\">\n\t\t\t\t\t<div class=\"elementor-button-wrapper\">\n\t\t\t<a class=\"elementor-button elementor-button-link elementor-size-lg\" href=\"https:\/\/bootsfahrschule-gewald.de\/?page_id=31\">\n\t\t\t\t\t\t<span class=\"elementor-button-content-wrapper\">\n\t\t\t\t\t\t<span class=\"elementor-button-text\">\u00dcber uns<\/span>\n\t\t<\/span>\n\t\t\t\t\t<\/a>\n\t\t<\/div>\n\t\t\t\t<\/div>\n\t\t\t\t<\/div>\n\t\t\t\t<div class=\"elementor-element elementor-element-aa77600 elementor-button-warning elementor-align-center elementor-widget elementor-widget-button\" data-id=\"aa77600\" data-element_type=\"widget\" data-widget_type=\"button.default\">\n\t\t\t\t<div class=\"elementor-widget-container\">\n\t\t\t\t\t<div class=\"elementor-button-wrapper\">\n\t\t\t<a class=\"elementor-button elementor-button-link elementor-size-sm\" href=\"https:\/\/bootsfahrschule-gewald.de\/?page_id=1132\">\n\t\t\t\t\t\t<span class=\"elementor-button-content-wrapper\">\n\t\t\t\t\t\t<span class=\"elementor-button-text\">Achtung Umleitung - Reparatur der Hubbr\u00fccke<\/span>\n\t\t<\/span>\n\t\t\t\t\t<\/a>\n\t\t<\/div>\n\t\t\t\t<\/div>\n\t\t\t\t<\/div>\n\t\t\t\t\t<\/div>\n\t\t<\/div>\n\t\t\t\t\t<\/div>\n\t\t<\/section>\n\t\t\t\t\t<\/div>\n\t\t<\/div>\n\t\t\t\t\t<\/div>\n\t\t<\/section>\n\t\t\t\t<section class=\"elementor-section elementor-top-section elementor-element elementor-element-7e21b87 elementor-section-boxed elementor-section-height-default elementor-section-height-default\" data-id=\"7e21b87\" data-element_type=\"section\">\n\t\t\t\t\t\t<div class=\"elementor-container elementor-column-gap-no\">\n\t\t\t\t\t<div class=\"elementor-column elementor-col-33 elementor-top-column elementor-element elementor-element-ecf0f71\" data-id=\"ecf0f71\" data-element_type=\"column\" data-settings=\"{&quot;background_background&quot;:&quot;classic&quot;}\">\n\t\t\t<div class=\"elementor-widget-wrap elementor-element-populated\">\n\t\t\t\t\t<div class=\"elementor-background-overlay\"><\/div>\n\t\t\t\t\t\t<div class=\"elementor-element elementor-element-40c051ee elementor-widget elementor-widget-heading\" data-id=\"40c051ee\" data-element_type=\"widget\" data-widget_type=\"heading.default\">\n\t\t\t\t<div class=\"elementor-widget-container\">\n\t\t\t<h2 class=\"elementor-heading-title elementor-size-default\"><a href=\"http:\/\/www.segelschule-d\u00fcsseldorf.de\" target=\"_blank\">Theorie<\/a><\/h2>\t\t<\/div>\n\t\t\t\t<\/div>\n\t\t\t\t\t<\/div>\n\t\t<\/div>\n\t\t\t\t<div class=\"elementor-column elementor-col-33 elementor-top-column elementor-element elementor-element-8ee04f9\" data-id=\"8ee04f9\" data-element_type=\"column\" data-settings=\"{&quot;background_background&quot;:&quot;classic&quot;}\">\n\t\t\t<div class=\"elementor-widget-wrap elementor-element-populated\">\n\t\t\t\t\t<div class=\"elementor-background-overlay\"><\/div>\n\t\t\t\t\t\t<div class=\"elementor-element elementor-element-2cb5ae60 elementor-widget elementor-widget-heading\" data-id=\"2cb5ae60\" data-element_type=\"widget\" data-widget_type=\"heading.default\">\n\t\t\t\t<div class=\"elementor-widget-container\">\n\t\t\t<h2 class=\"elementor-heading-title elementor-size-default\"><a href=\"#\">Praxis<\/a><\/h2>\t\t<\/div>\n\t\t\t\t<\/div>\n\t\t\t\t\t<\/div>\n\t\t<\/div>\n\t\t\t\t<div class=\"elementor-column elementor-col-33 elementor-top-column elementor-element elementor-element-aaf2547\" data-id=\"aaf2547\" data-element_type=\"column\" data-settings=\"{&quot;background_background&quot;:&quot;classic&quot;}\">\n\t\t\t<div class=\"elementor-widget-wrap elementor-element-populated\">\n\t\t\t\t\t<div class=\"elementor-background-overlay\"><\/div>\n\t\t\t\t\t\t<div class=\"elementor-element elementor-element-c2e7812 elementor-widget elementor-widget-heading\" data-id=\"c2e7812\" data-element_type=\"widget\" data-widget_type=\"heading.default\">\n\t\t\t\t<div class=\"elementor-widget-container\">\n\t\t\t<h1 class=\"elementor-heading-title elementor-size-large\"><a href=\"https:\/\/www.dmyv-pz-nrw.de\/index.php\/alle-pruefungsarten#\/?wsc_1places=duesseldorf_cuxhavener_str__6\" target=\"_blank\">Pr\u00fcfungstermine<\/a><\/h1>\t\t<\/div>\n\t\t\t\t<\/div>\n\t\t\t\t\t<\/div>\n\t\t<\/div>\n\t\t\t\t\t<\/div>\n\t\t<\/section>\n\t\t\t\t<section class=\"elementor-section elementor-top-section elementor-element elementor-element-4076731b elementor-section-boxed elementor-section-height-default elementor-section-height-default\" data-id=\"4076731b\" data-element_type=\"section\" data-settings=\"{&quot;background_background&quot;:&quot;classic&quot;}\">\n\t\t\t\t\t\t\t<div class=\"elementor-background-overlay\"><\/div>\n\t\t\t\t\t\t\t<div class=\"elementor-container elementor-column-gap-no\">\n\t\t\t\t\t<div class=\"elementor-column elementor-col-100 elementor-top-column elementor-element elementor-element-7940ca75\" data-id=\"7940ca75\" data-element_type=\"column\">\n\t\t\t<div class=\"elementor-widget-wrap elementor-element-populated\">\n\t\t\t\t\t\t<div class=\"elementor-element elementor-element-8eb0793 elementor-widget elementor-widget-heading\" data-id=\"8eb0793\" data-element_type=\"widget\" data-widget_type=\"heading.default\">\n\t\t\t\t<div class=\"elementor-widget-container\">\n\t\t\t<h2 class=\"elementor-heading-title elementor-size-default\">Boote und Anleger<\/h2>\t\t<\/div>\n\t\t\t\t<\/div>\n\t\t\t\t<div class=\"elementor-element elementor-element-c7eec9d elementor-widget elementor-widget-text-editor\" data-id=\"c7eec9d\" data-element_type=\"widget\" data-widget_type=\"text-editor.default\">\n\t\t\t\t<div class=\"elementor-widget-container\">\n\t\t\t\t\t\t\t<p>F\u00fcr Sie stehen zwei baugleiche Beneteau Antares 7,60 Meter bereit. Dank dieser Gr\u00f6\u00dfe sind sie sehr leicht zu steuern und bestens f\u00fcr das Erlernen der Ausbildungsinhalte geeignet. Der 200 PS starke Turbodiesel (kein Au\u00dfenborder) sorgt bei Stromfahrten auf dem Rhein f\u00fcr reichlich Fahrspa\u00df. Die modernen Schiffe sind sauber und werden regelm\u00e4\u00dfig gewartet. Besonders im Winter bieten die Heizungen einen besonderen Komfort.<\/p><p>Ein gro\u00dfes Plus bietet unser eigener Anleger. Sie lernen die Kommandos und Fahraufgaben an einem festen Ort und m\u00fcssen nicht, wie woanders \u00fcblich, an der Hafenmauer \u00fcben. Im Bootshaus bietet sich die M\u00f6glichkeit die geforderten Knoten in maritimer Atmosph\u00e4re zu vertiefen. Dar\u00fcber hinaus stehen bei uns mehr als genug kostenlose Parkpl\u00e4tze direkt vor dem Anleger f\u00fcr Sie bereit.<\/p>\t\t\t\t\t\t<\/div>\n\t\t\t\t<\/div>\n\t\t\t\t<div class=\"elementor-element elementor-element-1ad749e1 elementor-align-center elementor-widget elementor-widget-button\" data-id=\"1ad749e1\" data-element_type=\"widget\" data-widget_type=\"button.default\">\n\t\t\t\t<div class=\"elementor-widget-container\">\n\t\t\t\t\t<div class=\"elementor-button-wrapper\">\n\t\t\t<a class=\"elementor-button elementor-button-link elementor-size-lg\" href=\"https:\/\/bootsfahrschule-gewald.de\/?page_id=33\">\n\t\t\t\t\t\t<span class=\"elementor-button-content-wrapper\">\n\t\t\t\t\t\t<span class=\"elementor-button-text\">Kontakt<\/span>\n\t\t<\/span>\n\t\t\t\t\t<\/a>\n\t\t<\/div>\n\t\t\t\t<\/div>\n\t\t\t\t<\/div>\n\t\t\t\t\t<\/div>\n\t\t<\/div>\n\t\t\t\t\t<\/div>\n\t\t<\/section>\n\t\t\t\t<section class=\"elementor-section elementor-top-section elementor-element elementor-element-4fa11189 elementor-section-boxed elementor-section-height-default elementor-section-height-default\" data-id=\"4fa11189\" data-element_type=\"section\" data-settings=\"{&quot;background_background&quot;:&quot;gradient&quot;}\">\n\t\t\t\t\t\t<div class=\"elementor-container elementor-column-gap-no\">\n\t\t\t\t\t<div class=\"elementor-column elementor-col-100 elementor-top-column elementor-element elementor-element-6a0cb495\" data-id=\"6a0cb495\" data-element_type=\"column\">\n\t\t\t<div class=\"elementor-widget-wrap elementor-element-populated\">\n\t\t\t\t\t\t<div class=\"elementor-element elementor-element-4d9d9662 gallery-spacing-custom elementor-widget elementor-widget-image-gallery\" data-id=\"4d9d9662\" data-element_type=\"widget\" data-settings=\"{&quot;_animation&quot;:&quot;none&quot;}\" data-widget_type=\"image-gallery.default\">\n\t\t\t\t<div class=\"elementor-widget-container\">\n\t\t\t\t\t<div class=\"elementor-image-gallery\">\n\t\t\t<div id='gallery-1' class='gallery galleryid-30 gallery-columns-3 gallery-size-medium_large'><figure class='gallery-item'>\n\t\t\t<div class='gallery-icon landscape'>\n\t\t\t\t<a data-elementor-open-lightbox=\"yes\" data-elementor-lightbox-slideshow=\"4d9d9662\" data-elementor-lightbox-title=\"Shooting2020 (138 von 146)\" data-e-action-hash=\"#elementor-action%3Aaction%3Dlightbox%26settings%3DeyJpZCI6NDUzLCJ1cmwiOiJodHRwczpcL1wvYm9vdHNmYWhyc2NodWxlLWdld2FsZC5kZVwvd3AtY29udGVudFwvdXBsb2Fkc1wvMjAyMFwvMTFcL1Nob290aW5nMjAyMC0xMzgtdm9uLTE0Ni1zY2FsZWQuanBnIiwic2xpZGVzaG93IjoiNGQ5ZDk2NjIifQ%3D%3D\" href='https:\/\/bootsfahrschule-gewald.de\/wp-content\/uploads\/2020\/11\/Shooting2020-138-von-146-scaled.jpg'><img fetchpriority=\"high\" decoding=\"async\" width=\"768\" height=\"512\" src=\"https:\/\/bootsfahrschule-gewald.de\/wp-content\/uploads\/2020\/11\/Shooting2020-138-von-146-768x512.jpg\" class=\"attachment-medium_large size-medium_large\" alt=\"\" srcset=\"https:\/\/bootsfahrschule-gewald.de\/wp-content\/uploads\/2020\/11\/Shooting2020-138-von-146-768x512.jpg 768w, https:\/\/bootsfahrschule-gewald.de\/wp-content\/uploads\/2020\/11\/Shooting2020-138-von-146-300x200.jpg 300w, https:\/\/bootsfahrschule-gewald.de\/wp-content\/uploads\/2020\/11\/Shooting2020-138-von-146-1024x683.jpg 1024w, https:\/\/bootsfahrschule-gewald.de\/wp-content\/uploads\/2020\/11\/Shooting2020-138-von-146-2048x1365.jpg 2048w\" sizes=\"(max-width: 768px) 100vw, 768px\" \/><\/a>\n\t\t\t<\/div><\/figure><figure class='gallery-item'>\n\t\t\t<div class='gallery-icon landscape'>\n\t\t\t\t<a data-elementor-open-lightbox=\"yes\" data-elementor-lightbox-slideshow=\"4d9d9662\" data-elementor-lightbox-title=\"Shooting2020 (136 von 146)\" data-e-action-hash=\"#elementor-action%3Aaction%3Dlightbox%26settings%3DeyJpZCI6NDUyLCJ1cmwiOiJodHRwczpcL1wvYm9vdHNmYWhyc2NodWxlLWdld2FsZC5kZVwvd3AtY29udGVudFwvdXBsb2Fkc1wvMjAyMFwvMTFcL1Nob290aW5nMjAyMC0xMzYtdm9uLTE0Ni1zY2FsZWQuanBnIiwic2xpZGVzaG93IjoiNGQ5ZDk2NjIifQ%3D%3D\" href='https:\/\/bootsfahrschule-gewald.de\/wp-content\/uploads\/2020\/11\/Shooting2020-136-von-146-scaled.jpg'><img decoding=\"async\" width=\"768\" height=\"512\" src=\"https:\/\/bootsfahrschule-gewald.de\/wp-content\/uploads\/2020\/11\/Shooting2020-136-von-146-768x512.jpg\" class=\"attachment-medium_large size-medium_large\" alt=\"\" srcset=\"https:\/\/bootsfahrschule-gewald.de\/wp-content\/uploads\/2020\/11\/Shooting2020-136-von-146-768x512.jpg 768w, https:\/\/bootsfahrschule-gewald.de\/wp-content\/uploads\/2020\/11\/Shooting2020-136-von-146-300x200.jpg 300w, https:\/\/bootsfahrschule-gewald.de\/wp-content\/uploads\/2020\/11\/Shooting2020-136-von-146-1024x683.jpg 1024w, https:\/\/bootsfahrschule-gewald.de\/wp-content\/uploads\/2020\/11\/Shooting2020-136-von-146-2048x1365.jpg 2048w\" sizes=\"(max-width: 768px) 100vw, 768px\" \/><\/a>\n\t\t\t<\/div><\/figure><figure class='gallery-item'>\n\t\t\t<div class='gallery-icon landscape'>\n\t\t\t\t<a data-elementor-open-lightbox=\"yes\" data-elementor-lightbox-slideshow=\"4d9d9662\" data-elementor-lightbox-title=\"Shooting2020 (76 von 146)\" data-e-action-hash=\"#elementor-action%3Aaction%3Dlightbox%26settings%3DeyJpZCI6NDQ1LCJ1cmwiOiJodHRwczpcL1wvYm9vdHNmYWhyc2NodWxlLWdld2FsZC5kZVwvd3AtY29udGVudFwvdXBsb2Fkc1wvMjAyMFwvMTFcL1Nob290aW5nMjAyMC03Ni12b24tMTQ2LXNjYWxlZC5qcGciLCJzbGlkZXNob3ciOiI0ZDlkOTY2MiJ9\" href='https:\/\/bootsfahrschule-gewald.de\/wp-content\/uploads\/2020\/11\/Shooting2020-76-von-146-scaled.jpg'><img decoding=\"async\" width=\"768\" height=\"512\" src=\"https:\/\/bootsfahrschule-gewald.de\/wp-content\/uploads\/2020\/11\/Shooting2020-76-von-146-768x512.jpg\" class=\"attachment-medium_large size-medium_large\" alt=\"\" srcset=\"https:\/\/bootsfahrschule-gewald.de\/wp-content\/uploads\/2020\/11\/Shooting2020-76-von-146-768x512.jpg 768w, https:\/\/bootsfahrschule-gewald.de\/wp-content\/uploads\/2020\/11\/Shooting2020-76-von-146-300x200.jpg 300w, https:\/\/bootsfahrschule-gewald.de\/wp-content\/uploads\/2020\/11\/Shooting2020-76-von-146-1024x683.jpg 1024w, https:\/\/bootsfahrschule-gewald.de\/wp-content\/uploads\/2020\/11\/Shooting2020-76-von-146-2048x1365.jpg 2048w\" sizes=\"(max-width: 768px) 100vw, 768px\" \/><\/a>\n\t\t\t<\/div><\/figure><figure class='gallery-item'>\n\t\t\t<div class='gallery-icon landscape'>\n\t\t\t\t<a data-elementor-open-lightbox=\"yes\" data-elementor-lightbox-slideshow=\"4d9d9662\" data-elementor-lightbox-title=\"Shooting2020 (64 von 146)\" data-e-action-hash=\"#elementor-action%3Aaction%3Dlightbox%26settings%3DeyJpZCI6NDQzLCJ1cmwiOiJodHRwczpcL1wvYm9vdHNmYWhyc2NodWxlLWdld2FsZC5kZVwvd3AtY29udGVudFwvdXBsb2Fkc1wvMjAyMFwvMTFcL1Nob290aW5nMjAyMC02NC12b24tMTQ2LXNjYWxlZC5qcGciLCJzbGlkZXNob3ciOiI0ZDlkOTY2MiJ9\" href='https:\/\/bootsfahrschule-gewald.de\/wp-content\/uploads\/2020\/11\/Shooting2020-64-von-146-scaled.jpg'><img loading=\"lazy\" decoding=\"async\" width=\"768\" height=\"512\" src=\"https:\/\/bootsfahrschule-gewald.de\/wp-content\/uploads\/2020\/11\/Shooting2020-64-von-146-768x512.jpg\" class=\"attachment-medium_large size-medium_large\" alt=\"\" srcset=\"https:\/\/bootsfahrschule-gewald.de\/wp-content\/uploads\/2020\/11\/Shooting2020-64-von-146-768x512.jpg 768w, https:\/\/bootsfahrschule-gewald.de\/wp-content\/uploads\/2020\/11\/Shooting2020-64-von-146-300x200.jpg 300w, https:\/\/bootsfahrschule-gewald.de\/wp-content\/uploads\/2020\/11\/Shooting2020-64-von-146-1024x683.jpg 1024w, https:\/\/bootsfahrschule-gewald.de\/wp-content\/uploads\/2020\/11\/Shooting2020-64-von-146-2048x1365.jpg 2048w\" sizes=\"(max-width: 768px) 100vw, 768px\" \/><\/a>\n\t\t\t<\/div><\/figure><figure class='gallery-item'>\n\t\t\t<div class='gallery-icon landscape'>\n\t\t\t\t<a data-elementor-open-lightbox=\"yes\" data-elementor-lightbox-slideshow=\"4d9d9662\" data-elementor-lightbox-title=\"Shooting2020 (30 von 146)\" data-e-action-hash=\"#elementor-action%3Aaction%3Dlightbox%26settings%3DeyJpZCI6NDM4LCJ1cmwiOiJodHRwczpcL1wvYm9vdHNmYWhyc2NodWxlLWdld2FsZC5kZVwvd3AtY29udGVudFwvdXBsb2Fkc1wvMjAyMFwvMTFcL1Nob290aW5nMjAyMC0zMC12b24tMTQ2LXNjYWxlZC5qcGciLCJzbGlkZXNob3ciOiI0ZDlkOTY2MiJ9\" href='https:\/\/bootsfahrschule-gewald.de\/wp-content\/uploads\/2020\/11\/Shooting2020-30-von-146-scaled.jpg'><img loading=\"lazy\" decoding=\"async\" width=\"768\" height=\"512\" src=\"https:\/\/bootsfahrschule-gewald.de\/wp-content\/uploads\/2020\/11\/Shooting2020-30-von-146-768x512.jpg\" class=\"attachment-medium_large size-medium_large\" alt=\"\" srcset=\"https:\/\/bootsfahrschule-gewald.de\/wp-content\/uploads\/2020\/11\/Shooting2020-30-von-146-768x512.jpg 768w, https:\/\/bootsfahrschule-gewald.de\/wp-content\/uploads\/2020\/11\/Shooting2020-30-von-146-300x200.jpg 300w, https:\/\/bootsfahrschule-gewald.de\/wp-content\/uploads\/2020\/11\/Shooting2020-30-von-146-1024x683.jpg 1024w, https:\/\/bootsfahrschule-gewald.de\/wp-content\/uploads\/2020\/11\/Shooting2020-30-von-146-2048x1365.jpg 2048w\" sizes=\"(max-width: 768px) 100vw, 768px\" \/><\/a>\n\t\t\t<\/div><\/figure><figure class='gallery-item'>\n\t\t\t<div class='gallery-icon landscape'>\n\t\t\t\t<a data-elementor-open-lightbox=\"yes\" data-elementor-lightbox-slideshow=\"4d9d9662\" data-elementor-lightbox-title=\"Shooting2020 (143 von 146)\" data-e-action-hash=\"#elementor-action%3Aaction%3Dlightbox%26settings%3DeyJpZCI6MzUxLCJ1cmwiOiJodHRwczpcL1wvYm9vdHNmYWhyc2NodWxlLWdld2FsZC5kZVwvd3AtY29udGVudFwvdXBsb2Fkc1wvMjAyMFwvMTFcL1Nob290aW5nMjAyMC0xNDMtdm9uLTE0Ni1zY2FsZWQuanBnIiwic2xpZGVzaG93IjoiNGQ5ZDk2NjIifQ%3D%3D\" href='https:\/\/bootsfahrschule-gewald.de\/wp-content\/uploads\/2020\/11\/Shooting2020-143-von-146-scaled.jpg'><img loading=\"lazy\" decoding=\"async\" width=\"768\" height=\"512\" src=\"https:\/\/bootsfahrschule-gewald.de\/wp-content\/uploads\/2020\/11\/Shooting2020-143-von-146-768x512.jpg\" class=\"attachment-medium_large size-medium_large\" alt=\"\" srcset=\"https:\/\/bootsfahrschule-gewald.de\/wp-content\/uploads\/2020\/11\/Shooting2020-143-von-146-768x512.jpg 768w, https:\/\/bootsfahrschule-gewald.de\/wp-content\/uploads\/2020\/11\/Shooting2020-143-von-146-300x200.jpg 300w, https:\/\/bootsfahrschule-gewald.de\/wp-content\/uploads\/2020\/11\/Shooting2020-143-von-146-1024x683.jpg 1024w, https:\/\/bootsfahrschule-gewald.de\/wp-content\/uploads\/2020\/11\/Shooting2020-143-von-146-2048x1365.jpg 2048w\" sizes=\"(max-width: 768px) 100vw, 768px\" \/><\/a>\n\t\t\t<\/div><\/figure>\n\t\t<\/div>\n\t\t<\/div>\n\t\t\t\t<\/div>\n\t\t\t\t<\/div>\n\t\t\t\t\t<\/div>\n\t\t<\/div>\n\t\t\t\t\t<\/div>\n\t\t<\/section>\n\t\t\t\t<\/div>\n\t\t","protected":false},"excerpt":{"rendered":"<p>Bootsfahrschule Gewald Wir sind seit mehr als 31 Jahren im Hafen von D\u00fcsseldorf ans\u00e4ssig und verf\u00fcgen dementsprechend \u00fcber eine enorme Erfahrung. Wir freuen uns Sie bei uns an Bord begr\u00fc\u00dfen zu d\u00fcrfen. Termine k\u00f6nnen Sie gerne jetzt vereinbaren. Auch f\u00fcr Fragen stehen wir Ihnen jederzeit zur Verf\u00fcgung. \u00a0 \u00dcber uns Achtung Umleitung &#8211; Reparatur der &hellip;<\/p>\n<p class=\"read-more\"> <a class=\"\" href=\"https:\/\/bootsfahrschule-gewald.de\/\"> <span class=\"screen-reader-text\">Home<\/span> Weiterlesen &raquo;<\/a><\/p>\n","protected":false},"author":1,"featured_media":0,"parent":0,"menu_order":0,"comment_status":"closed","ping_status":"closed","template":"","meta":{"site-sidebar-layout":"no-sidebar","site-content-layout":"page-builder","ast-site-content-layout":"","site-content-style":"default","site-sidebar-style":"default","ast-global-header-display":"","ast-banner-title-visibility":"","ast-main-header-display":"","ast-hfb-above-header-display":"","ast-hfb-below-header-display":"","ast-hfb-mobile-header-display":"","site-post-title":"disabled","ast-breadcrumbs-content":"","ast-featured-img":"","footer-sml-layout":"","theme-transparent-header-meta":"enabled","adv-header-id-meta":"","stick-header-meta":"","header-above-stick-meta":"","header-main-stick-meta":"","header-below-stick-meta":"","astra-migrate-meta-layouts":"default","ast-page-background-enabled":"default","ast-page-background-meta":{"desktop":{"background-color":"","background-image":"","background-repeat":"repeat","background-position":"center center","background-size":"auto","background-attachment":"scroll","background-type":"","background-media":"","overlay-type":"","overlay-color":"","overlay-gradient":""},"tablet":{"background-color":"","background-image":"","background-repeat":"repeat","background-position":"center center","background-size":"auto","background-attachment":"scroll","background-type":"","background-media":"","overlay-type":"","overlay-color":"","overlay-gradient":""},"mobile":{"background-color":"","background-image":"","background-repeat":"repeat","background-position":"center center","background-size":"auto","background-attachment":"scroll","background-type":"","background-media":"","overlay-type":"","overlay-color":"","overlay-gradient":""}},"ast-content-background-meta":{"desktop":{"background-color":"var(--ast-global-color-5)","background-image":"","background-repeat":"repeat","background-position":"center center","background-size":"auto","background-attachment":"scroll","background-type":"","background-media":"","overlay-type":"","overlay-color":"","overlay-gradient":""},"tablet":{"background-color":"var(--ast-global-color-5)","background-image":"","background-repeat":"repeat","background-position":"center center","background-size":"auto","background-attachment":"scroll","background-type":"","background-media":"","overlay-type":"","overlay-color":"","overlay-gradient":""},"mobile":{"background-color":"var(--ast-global-color-5)","background-image":"","background-repeat":"repeat","background-position":"center center","background-size":"auto","background-attachment":"scroll","background-type":"","background-media":"","overlay-type":"","overlay-color":"","overlay-gradient":""}},"footnotes":""},"_links":{"self":[{"href":"https:\/\/bootsfahrschule-gewald.de\/index.php?rest_route=\/wp\/v2\/pages\/30"}],"collection":[{"href":"https:\/\/bootsfahrschule-gewald.de\/index.php?rest_route=\/wp\/v2\/pages"}],"about":[{"href":"https:\/\/bootsfahrschule-gewald.de\/index.php?rest_route=\/wp\/v2\/types\/page"}],"author":[{"embeddable":true,"href":"https:\/\/bootsfahrschule-gewald.de\/index.php?rest_route=\/wp\/v2\/users\/1"}],"replies":[{"embeddable":true,"href":"https:\/\/bootsfahrschule-gewald.de\/index.php?rest_route=%2Fwp%2Fv2%2Fcomments&post=30"}],"version-history":[{"count":204,"href":"https:\/\/bootsfahrschule-gewald.de\/index.php?rest_route=\/wp\/v2\/pages\/30\/revisions"}],"predecessor-version":[{"id":1199,"href":"https:\/\/bootsfahrschule-gewald.de\/index.php?rest_route=\/wp\/v2\/pages\/30\/revisions\/1199"}],"wp:attachment":[{"href":"https:\/\/bootsfahrschule-gewald.de\/index.php?rest_route=%2Fwp%2Fv2%2Fmedia&parent=30"}],"curies":[{"name":"wp","href":"https:\/\/api.w.org\/{rel}","templated":true}]}}